{"id":3064,"date":"2025-05-19T11:16:44","date_gmt":"2025-05-19T11:16:44","guid":{"rendered":"https:\/\/josemaritaberna.com\/nous\/"},"modified":"2025-11-13T07:09:38","modified_gmt":"2025-11-13T07:09:38","slug":"nous","status":"publish","type":"page","link":"https:\/\/josemaritaberna.com\/fr\/nous\/","title":{"rendered":"Nous"},"content":{"rendered":"\t\t<div data-elementor-type=\"wp-page\" data-elementor-id=\"3064\" class=\"elementor elementor-3064 elementor-2526\">\n\t\t\t\t<div class=\"elementor-element elementor-element-85286dd e-flex e-con-boxed e-con e-parent\" data-id=\"85286dd\" data-element_type=\"container\" data-e-type=\"container\" data-settings=\"{&quot;background_background&quot;:&quot;classic&quot;}\">\n\t\t\t\t\t<div class=\"e-con-inner\">\n\t\t<div class=\"elementor-element elementor-element-f3a615c e-con-full e-flex e-con e-child\" data-id=\"f3a615c\" data-element_type=\"container\" data-e-type=\"container\">\n\t\t\t\t<div class=\"elementor-element elementor-element-5f77137 elementor-widget elementor-widget-heading\" data-id=\"5f77137\" data-element_type=\"widget\" data-e-type=\"widget\" data-widget_type=\"heading.default\">\n\t\t\t\t<div class=\"elementor-widget-container\">\n\t\t\t\t\t<h2 class=\"elementor-heading-title elementor-size-default\">Sobre<\/h2>\t\t\t\t<\/div>\n\t\t\t\t<\/div>\n\t\t\t\t<div class=\"elementor-element elementor-element-c1be6a3 elementor-widget elementor-widget-heading\" data-id=\"c1be6a3\" data-element_type=\"widget\" data-e-type=\"widget\" data-widget_type=\"heading.default\">\n\t\t\t\t<div class=\"elementor-widget-container\">\n\t\t\t\t\t<h2 class=\"elementor-heading-title elementor-size-default\">\u00c0 PROPOS<\/h2>\t\t\t\t<\/div>\n\t\t\t\t<\/div>\n\t\t\t\t<div class=\"elementor-element elementor-element-d8f3576 elementor-widget-divider--view-line elementor-widget elementor-widget-divider\" data-id=\"d8f3576\" data-element_type=\"widget\" data-e-type=\"widget\" data-widget_type=\"divider.default\">\n\t\t\t\t<div class=\"elementor-widget-container\">\n\t\t\t\t\t\t\t<div class=\"elementor-divider\">\n\t\t\t<span class=\"elementor-divider-separator\">\n\t\t\t\t\t\t<\/span>\n\t\t<\/div>\n\t\t\t\t\t\t<\/div>\n\t\t\t\t<\/div>\n\t\t\t\t<div class=\"elementor-element elementor-element-d8170a8 elementor-widget elementor-widget-text-editor\" data-id=\"d8170a8\" data-element_type=\"widget\" data-e-type=\"widget\" data-widget_type=\"text-editor.default\">\n\t\t\t\t<div class=\"elementor-widget-container\">\n\t\t\t\t\t\t\t\t\t<p style=\"text-align: center;\"><strong data-start=\"53\" data-end=\"74\">Jose Mari Taberna est<\/strong><strong data-start=\"53\" data-end=\"74\"> <\/strong>Une taverne historique et reconnue de la vieille ville de Saint-S\u00e9bastien, r\u00e9nov\u00e9e en 2023 par le chef Josean Merino. Sa cuisine allie le respect de la tradition basque \u00e0 des touches contemporaines, tout en conservant son essence originale, presque centenaire. <\/p>\t\t\t\t\t\t\t\t<\/div>\n\t\t\t\t<\/div>\n\t\t\t\t<\/div>\n\t\t\t\t\t<\/div>\n\t\t\t\t<\/div>\n\t\t<div class=\"elementor-element elementor-element-0f48414 e-flex e-con-boxed e-con e-parent\" data-id=\"0f48414\" data-element_type=\"container\" data-e-type=\"container\">\n\t\t\t\t\t<div class=\"e-con-inner\">\n\t\t\t\t<div class=\"elementor-element elementor-element-cb5ce6e elementor-widget elementor-widget-text-editor\" data-id=\"cb5ce6e\" data-element_type=\"widget\" data-e-type=\"widget\" data-widget_type=\"text-editor.default\">\n\t\t\t\t<div class=\"elementor-widget-container\">\n\t\t\t\t\t\t\t\t\t<p style=\"text-align: center;\"><span style=\"font-size: 18pt;\"><strong><span style=\"color: #174174;\">JOSEAN MERINO<\/span><br><\/strong><\/span><\/p><p class=\"\" style=\"text-align: center;\" data-start=\"68\" data-end=\"721\">Chef basque avec une vaste exp\u00e9rience dans le secteur de l\u2019h\u00f4tellerie, Josean Merino a su allier la cuisine basque traditionnelle \u00e0 une vision contemporaine et innovante. Fondateur du concept de tavernes \u00e0 succ\u00e8s PerretxiCo, sa cuisine s\u2019inspire du r\u00e9pertoire classique, auquel il apporte cr\u00e9ativit\u00e9 et technique. En 2023, il prend la direction de l\u2019historique Jose Mari Taberna, o\u00f9 il r\u00e9affirme son engagement pour une gastronomie ancr\u00e9e dans ses racines, accessible et de qualit\u00e9 \u00e0 chaque ingr\u00e9dient. Son travail a \u00e9t\u00e9 r\u00e9compens\u00e9 par plusieurs distinctions, et il se distingue par sa sensibilit\u00e9 tant culinaire que sociale, soutenant des causes solidaires \u00e0 travers la cuisine.   <\/p>\t\t\t\t\t\t\t\t<\/div>\n\t\t\t\t<\/div>\n\t\t\t\t\t<\/div>\n\t\t\t\t<\/div>\n\t\t<div class=\"elementor-element elementor-element-4a6fd84 e-grid e-con-boxed e-con e-parent\" data-id=\"4a6fd84\" data-element_type=\"container\" data-e-type=\"container\">\n\t\t\t\t\t<div class=\"e-con-inner\">\n\t\t\t\t<div class=\"elementor-element elementor-element-391cf03 elementor-widget elementor-widget-image\" data-id=\"391cf03\" data-element_type=\"widget\" data-e-type=\"widget\" data-widget_type=\"image.default\">\n\t\t\t\t<div class=\"elementor-widget-container\">\n\t\t\t\t\t\t\t\t\t\t\t\t\t\t\t<img decoding=\"async\" width=\"1024\" height=\"1024\" src=\"https:\/\/josemaritaberna.com\/wp-content\/uploads\/2025\/05\/Jose-Mari-scaled-e1747733784155-1024x1024.jpg\" class=\"attachment-large size-large wp-image-3067\" alt=\"\" srcset=\"https:\/\/josemaritaberna.com\/wp-content\/uploads\/2025\/05\/Jose-Mari-scaled-e1747733784155-1024x1024.jpg 1024w, https:\/\/josemaritaberna.com\/wp-content\/uploads\/2025\/05\/Jose-Mari-scaled-e1747733784155-300x300.jpg 300w, https:\/\/josemaritaberna.com\/wp-content\/uploads\/2025\/05\/Jose-Mari-scaled-e1747733784155-150x150.jpg 150w, https:\/\/josemaritaberna.com\/wp-content\/uploads\/2025\/05\/Jose-Mari-scaled-e1747733784155-768x768.jpg 768w, https:\/\/josemaritaberna.com\/wp-content\/uploads\/2025\/05\/Jose-Mari-scaled-e1747733784155-1536x1536.jpg 1536w, https:\/\/josemaritaberna.com\/wp-content\/uploads\/2025\/05\/Jose-Mari-scaled-e1747733784155-600x600.jpg 600w, https:\/\/josemaritaberna.com\/wp-content\/uploads\/2025\/05\/Jose-Mari-scaled-e1747733784155.jpg 1707w\" sizes=\"auto, (max-width: 1024px) 100vw, 1024px\" \/ fetchpriority=\"high\">\t\t\t\t\t\t\t\t\t\t\t\t\t\t\t<\/div>\n\t\t\t\t<\/div>\n\t\t<div class=\"elementor-element elementor-element-6f56273 e-con-full e-flex e-con e-child\" data-id=\"6f56273\" data-element_type=\"container\" data-e-type=\"container\">\n\t\t\t\t<div class=\"elementor-element elementor-element-84b6171 elementor-widget elementor-widget-text-editor\" data-id=\"84b6171\" data-element_type=\"widget\" data-e-type=\"widget\" data-widget_type=\"text-editor.default\">\n\t\t\t\t<div class=\"elementor-widget-container\">\n\t\t\t\t\t\t\t\t\t<p style=\"text-align: center;\" data-pm-slice=\"1 1 []\"><span style=\"color: #174174;\"><strong>Notre cuisine<br><span style=\"font-size: 18pt;\">PHILOSOPHIE<\/span><\/strong><\/span><\/p>\t\t\t\t\t\t\t\t<\/div>\n\t\t\t\t<\/div>\n\t\t\t\t<div class=\"elementor-element elementor-element-fa9c86e elementor-widget elementor-widget-text-editor\" data-id=\"fa9c86e\" data-element_type=\"widget\" data-e-type=\"widget\" data-widget_type=\"text-editor.default\">\n\t\t\t\t<div class=\"elementor-widget-container\">\n\t\t\t\t\t\t\t\t\t<p style=\"text-align: center;\">Nous \u00e9laborons une cuisine traditionnelle r\u00e9interpr\u00e9t\u00e9e, o\u00f9 chaque ingr\u00e9dient r\u00e9v\u00e8le son essence la plus authentique, envelopp\u00e9e d\u2019ar\u00f4mes et de saveurs qui invitent au souvenir et \u00e0 l\u2019\u00e9motion.<\/p>\t\t\t\t\t\t\t\t<\/div>\n\t\t\t\t<\/div>\n\t\t\t\t<\/div>\n\t\t<div class=\"elementor-element elementor-element-ef5a0cf e-con-full e-flex e-con e-child\" data-id=\"ef5a0cf\" data-element_type=\"container\" data-e-type=\"container\">\n\t\t\t\t<div class=\"elementor-element elementor-element-1c44603 elementor-widget elementor-widget-text-editor\" data-id=\"1c44603\" data-element_type=\"widget\" data-e-type=\"widget\" data-widget_type=\"text-editor.default\">\n\t\t\t\t<div class=\"elementor-widget-container\">\n\t\t\t\t\t\t\t\t\t<p style=\"text-align: center;\" data-pm-slice=\"1 1 []\"><span style=\"color: #174174;\"><strong><span style=\"font-size: 18pt;\">D\u00e9gustation<br><\/span><\/strong><strong><span style=\"font-size: 18pt;\">DE PINTXOS<\/span><\/strong><\/span><\/p>\t\t\t\t\t\t\t\t<\/div>\n\t\t\t\t<\/div>\n\t\t\t\t<div class=\"elementor-element elementor-element-0b8687f elementor-widget elementor-widget-text-editor\" data-id=\"0b8687f\" data-element_type=\"widget\" data-e-type=\"widget\" data-widget_type=\"text-editor.default\">\n\t\t\t\t<div class=\"elementor-widget-container\">\n\t\t\t\t\t\t\t\t\t<p style=\"text-align: center;\">\u00c0 Jose Mari Taberna, vous trouverez des pintxos traditionnels, froids comme chauds, pr\u00e9par\u00e9s \u00e0 l\u2019instant selon la saison, id\u00e9aux pour accompagner une s\u00e9lection soign\u00e9e de vins de diff\u00e9rentes appellations.<\/p>\t\t\t\t\t\t\t\t<\/div>\n\t\t\t\t<\/div>\n\t\t\t\t<\/div>\n\t\t\t\t<div class=\"elementor-element elementor-element-851f303 elementor-widget elementor-widget-image\" data-id=\"851f303\" data-element_type=\"widget\" data-e-type=\"widget\" data-widget_type=\"image.default\">\n\t\t\t\t<div class=\"elementor-widget-container\">\n\t\t\t\t\t\t\t\t\t\t\t\t\t\t\t<img loading=\"lazy\" decoding=\"async\" width=\"1024\" height=\"1024\" src=\"https:\/\/josemaritaberna.com\/wp-content\/uploads\/2025\/05\/Jose-mari-17-scaled-e1747735679635-1024x1024.jpg\" class=\"attachment-large size-large wp-image-3039\" alt=\"\" srcset=\"https:\/\/josemaritaberna.com\/wp-content\/uploads\/2025\/05\/Jose-mari-17-scaled-e1747735679635-1024x1024.jpg 1024w, https:\/\/josemaritaberna.com\/wp-content\/uploads\/2025\/05\/Jose-mari-17-scaled-e1747735679635-300x300.jpg 300w, https:\/\/josemaritaberna.com\/wp-content\/uploads\/2025\/05\/Jose-mari-17-scaled-e1747735679635-150x150.jpg 150w, https:\/\/josemaritaberna.com\/wp-content\/uploads\/2025\/05\/Jose-mari-17-scaled-e1747735679635-768x768.jpg 768w, https:\/\/josemaritaberna.com\/wp-content\/uploads\/2025\/05\/Jose-mari-17-scaled-e1747735679635-1536x1536.jpg 1536w, https:\/\/josemaritaberna.com\/wp-content\/uploads\/2025\/05\/Jose-mari-17-scaled-e1747735679635-600x600.jpg 600w, https:\/\/josemaritaberna.com\/wp-content\/uploads\/2025\/05\/Jose-mari-17-scaled-e1747735679635.jpg 1920w\" sizes=\"auto, (max-width: 1024px) 100vw, 1024px\" loading=\"lazy\" \/ fetchpriority=\"low\">\t\t\t\t\t\t\t\t\t\t\t\t\t\t\t<\/div>\n\t\t\t\t<\/div>\n\t\t\t\t<div class=\"elementor-element elementor-element-a54a145 elementor-widget elementor-widget-image\" data-id=\"a54a145\" data-element_type=\"widget\" data-e-type=\"widget\" data-widget_type=\"image.default\">\n\t\t\t\t<div class=\"elementor-widget-container\">\n\t\t\t\t\t\t\t\t\t\t\t\t\t\t\t<img loading=\"lazy\" decoding=\"async\" width=\"1024\" height=\"1024\" src=\"https:\/\/josemaritaberna.com\/wp-content\/uploads\/2025\/05\/Jose-ma-10-scaled-e1747736930175-1024x1024.jpg\" class=\"attachment-large size-large wp-image-3066\" alt=\"\" srcset=\"https:\/\/josemaritaberna.com\/wp-content\/uploads\/2025\/05\/Jose-ma-10-scaled-e1747736930175-1024x1024.jpg 1024w, https:\/\/josemaritaberna.com\/wp-content\/uploads\/2025\/05\/Jose-ma-10-scaled-e1747736930175-300x300.jpg 300w, https:\/\/josemaritaberna.com\/wp-content\/uploads\/2025\/05\/Jose-ma-10-scaled-e1747736930175-150x150.jpg 150w, https:\/\/josemaritaberna.com\/wp-content\/uploads\/2025\/05\/Jose-ma-10-scaled-e1747736930175-768x768.jpg 768w, https:\/\/josemaritaberna.com\/wp-content\/uploads\/2025\/05\/Jose-ma-10-scaled-e1747736930175-1536x1536.jpg 1536w, https:\/\/josemaritaberna.com\/wp-content\/uploads\/2025\/05\/Jose-ma-10-scaled-e1747736930175-600x600.jpg 600w, https:\/\/josemaritaberna.com\/wp-content\/uploads\/2025\/05\/Jose-ma-10-scaled-e1747736930175.jpg 1920w\" sizes=\"auto, (max-width: 1024px) 100vw, 1024px\" loading=\"lazy\" \/ fetchpriority=\"low\">\t\t\t\t\t\t\t\t\t\t\t\t\t\t\t<\/div>\n\t\t\t\t<\/div>\n\t\t<div class=\"elementor-element elementor-element-b46412f e-con-full e-flex e-con e-child\" data-id=\"b46412f\" data-element_type=\"container\" data-e-type=\"container\">\n\t\t\t\t<div class=\"elementor-element elementor-element-f40283e elementor-widget elementor-widget-text-editor\" data-id=\"f40283e\" data-element_type=\"widget\" data-e-type=\"widget\" data-widget_type=\"text-editor.default\">\n\t\t\t\t<div class=\"elementor-widget-container\">\n\t\t\t\t\t\t\t\t\t<p style=\"text-align: center;\" data-pm-slice=\"1 1 []\"><span style=\"color: #174174;\"><strong><span style=\"font-size: 18pt;\">\u00c9quipe<br><\/span><\/strong><strong><span style=\"font-size: 18pt;\">HUMAIN<\/span><\/strong><\/span><\/p>\t\t\t\t\t\t\t\t<\/div>\n\t\t\t\t<\/div>\n\t\t\t\t<div class=\"elementor-element elementor-element-f0e37d6 elementor-widget elementor-widget-text-editor\" data-id=\"f0e37d6\" data-element_type=\"widget\" data-e-type=\"widget\" data-widget_type=\"text-editor.default\">\n\t\t\t\t<div class=\"elementor-widget-container\">\n\t\t\t\t\t\t\t\t\t<p style=\"text-align: center;\">Derri\u00e8re Jose Mari Taberna se trouve une \u00e9quipe unie par une m\u00eame vision de la gastronomie, fond\u00e9e sur des valeurs partag\u00e9es et un engagement pour la qualit\u00e9 des produits et du service. Ce qui nous motive, c\u2019est de faire en sorte que chaque personne qui nous rend visite vive une exp\u00e9rience authentique.<\/p>\t\t\t\t\t\t\t\t<\/div>\n\t\t\t\t<\/div>\n\t\t\t\t<\/div>\n\t\t\t\t\t<\/div>\n\t\t\t\t<\/div>\n\t\t\t\t<\/div>\n\t\t","protected":false},"excerpt":{"rendered":"<p>Sobre \u00c0 PROPOS Jose Mari Taberna est Une taverne historique et reconnue de la vieille ville de Saint-S\u00e9bastien, r\u00e9nov\u00e9e en 2023 par le chef Josean Merino. Sa cuisine allie le respect de la tradition basque \u00e0 des touches contemporaines, tout en conservant son essence originale, presque centenaire. JOSEAN MERINO Chef basque avec une vaste exp\u00e9rience [&hellip;]<\/p>\n","protected":false},"author":2,"featured_media":0,"parent":0,"menu_order":8,"comment_status":"closed","ping_status":"closed","template":"","meta":{"om_disable_all_campaigns":false,"_monsterinsights_skip_tracking":false,"_monsterinsights_sitenote_active":false,"_monsterinsights_sitenote_note":"","_monsterinsights_sitenote_category":0,"_uf_show_specific_survey":0,"_uf_disable_surveys":false,"ocean_post_layout":"","ocean_both_sidebars_style":"","ocean_both_sidebars_content_width":0,"ocean_both_sidebars_sidebars_width":0,"ocean_sidebar":"","ocean_second_sidebar":"","ocean_disable_margins":"enable","ocean_add_body_class":"","ocean_shortcode_before_top_bar":"","ocean_shortcode_after_top_bar":"","ocean_shortcode_before_header":"","ocean_shortcode_after_header":"","ocean_has_shortcode":"","ocean_shortcode_after_title":"","ocean_shortcode_before_footer_widgets":"","ocean_shortcode_after_footer_widgets":"","ocean_shortcode_before_footer_bottom":"","ocean_shortcode_after_footer_bottom":"","ocean_display_top_bar":"default","ocean_display_header":"default","ocean_header_style":"","ocean_center_header_left_menu":"","ocean_custom_header_template":"","ocean_custom_logo":0,"ocean_custom_retina_logo":0,"ocean_custom_logo_max_width":0,"ocean_custom_logo_tablet_max_width":0,"ocean_custom_logo_mobile_max_width":0,"ocean_custom_logo_max_height":0,"ocean_custom_logo_tablet_max_height":0,"ocean_custom_logo_mobile_max_height":0,"ocean_header_custom_menu":"","ocean_menu_typo_font_family":"","ocean_menu_typo_font_subset":"","ocean_menu_typo_font_size":0,"ocean_menu_typo_font_size_tablet":0,"ocean_menu_typo_font_size_mobile":0,"ocean_menu_typo_font_size_unit":"px","ocean_menu_typo_font_weight":"","ocean_menu_typo_font_weight_tablet":"","ocean_menu_typo_font_weight_mobile":"","ocean_menu_typo_transform":"","ocean_menu_typo_transform_tablet":"","ocean_menu_typo_transform_mobile":"","ocean_menu_typo_line_height":0,"ocean_menu_typo_line_height_tablet":0,"ocean_menu_typo_line_height_mobile":0,"ocean_menu_typo_line_height_unit":"","ocean_menu_typo_spacing":0,"ocean_menu_typo_spacing_tablet":0,"ocean_menu_typo_spacing_mobile":0,"ocean_menu_typo_spacing_unit":"","ocean_menu_link_color":"","ocean_menu_link_color_hover":"","ocean_menu_link_color_active":"","ocean_menu_link_background":"","ocean_menu_link_hover_background":"","ocean_menu_link_active_background":"","ocean_menu_social_links_bg":"","ocean_menu_social_hover_links_bg":"","ocean_menu_social_links_color":"","ocean_menu_social_hover_links_color":"","ocean_disable_title":"default","ocean_disable_heading":"default","ocean_post_title":"","ocean_post_subheading":"","ocean_post_title_style":"","ocean_post_title_background_color":"","ocean_post_title_background":0,"ocean_post_title_bg_image_position":"","ocean_post_title_bg_image_attachment":"","ocean_post_title_bg_image_repeat":"","ocean_post_title_bg_image_size":"","ocean_post_title_height":0,"ocean_post_title_bg_overlay":0.5,"ocean_post_title_bg_overlay_color":"","ocean_disable_breadcrumbs":"default","ocean_breadcrumbs_color":"","ocean_breadcrumbs_separator_color":"","ocean_breadcrumbs_links_color":"","ocean_breadcrumbs_links_hover_color":"","ocean_display_footer_widgets":"default","ocean_display_footer_bottom":"default","ocean_custom_footer_template":"","footnotes":""},"class_list":["post-3064","page","type-page","status-publish","hentry","entry"],"aioseo_notices":[],"_links":{"self":[{"href":"https:\/\/josemaritaberna.com\/fr\/wp-json\/wp\/v2\/pages\/3064","targetHints":{"allow":["GET"]}}],"collection":[{"href":"https:\/\/josemaritaberna.com\/fr\/wp-json\/wp\/v2\/pages"}],"about":[{"href":"https:\/\/josemaritaberna.com\/fr\/wp-json\/wp\/v2\/types\/page"}],"author":[{"embeddable":true,"href":"https:\/\/josemaritaberna.com\/fr\/wp-json\/wp\/v2\/users\/2"}],"replies":[{"embeddable":true,"href":"https:\/\/josemaritaberna.com\/fr\/wp-json\/wp\/v2\/comments?post=3064"}],"version-history":[{"count":1,"href":"https:\/\/josemaritaberna.com\/fr\/wp-json\/wp\/v2\/pages\/3064\/revisions"}],"predecessor-version":[{"id":3068,"href":"https:\/\/josemaritaberna.com\/fr\/wp-json\/wp\/v2\/pages\/3064\/revisions\/3068"}],"wp:attachment":[{"href":"https:\/\/josemaritaberna.com\/fr\/wp-json\/wp\/v2\/media?parent=3064"}],"curies":[{"name":"wp","href":"https:\/\/api.w.org\/{rel}","templated":true}]}}