{"id":3051,"date":"2025-05-19T07:37:42","date_gmt":"2025-05-19T07:37:42","guid":{"rendered":"https:\/\/josemaritaberna.com\/qui-nous-sommes\/"},"modified":"2025-11-12T12:19:08","modified_gmt":"2025-11-12T12:19:08","slug":"qui-nous-sommes","status":"publish","type":"page","link":"https:\/\/josemaritaberna.com\/fr\/qui-nous-sommes\/","title":{"rendered":"QUI NOUS SOMMES"},"content":{"rendered":"\t\t<div data-elementor-type=\"wp-page\" data-elementor-id=\"3051\" class=\"elementor elementor-3051 elementor-2480\">\n\t\t\t\t<div class=\"elementor-element elementor-element-e603681 e-flex e-con-boxed e-con e-parent\" data-id=\"e603681\" data-element_type=\"container\" data-e-type=\"container\" data-settings=\"{&quot;background_background&quot;:&quot;slideshow&quot;,&quot;background_slideshow_gallery&quot;:[{&quot;id&quot;:3052,&quot;url&quot;:&quot;https:\\\/\\\/josemaritaberna.com\\\/wp-content\\\/uploads\\\/2025\\\/05\\\/IMG_5520-2-scaled.jpg&quot;}],&quot;background_slideshow_loop&quot;:&quot;yes&quot;,&quot;background_slideshow_slide_duration&quot;:5000,&quot;background_slideshow_slide_transition&quot;:&quot;fade&quot;,&quot;background_slideshow_transition_duration&quot;:500}\">\n\t\t\t\t\t<div class=\"e-con-inner\">\n\t\t\t\t<div class=\"elementor-element elementor-element-c74c12f elementor-widget elementor-widget-heading\" data-id=\"c74c12f\" data-element_type=\"widget\" data-e-type=\"widget\" data-widget_type=\"heading.default\">\n\t\t\t\t<div class=\"elementor-widget-container\">\n\t\t\t\t\t<h2 class=\"elementor-heading-title elementor-size-default\">Qui nous sommes<\/h2>\t\t\t\t<\/div>\n\t\t\t\t<\/div>\n\t\t\t\t<div class=\"elementor-element elementor-element-c206114 elementor-widget elementor-widget-heading\" data-id=\"c206114\" data-element_type=\"widget\" data-e-type=\"widget\" data-widget_type=\"heading.default\">\n\t\t\t\t<div class=\"elementor-widget-container\">\n\t\t\t\t\t<h2 class=\"elementor-heading-title elementor-size-default\">NOTRE HISTOIRE<\/h2>\t\t\t\t<\/div>\n\t\t\t\t<\/div>\n\t\t\t\t<div class=\"elementor-element elementor-element-2d18110 elementor-widget elementor-widget-text-editor\" data-id=\"2d18110\" data-element_type=\"widget\" data-e-type=\"widget\" data-widget_type=\"text-editor.default\">\n\t\t\t\t<div class=\"elementor-widget-container\">\n\t\t\t\t\t\t\t\t\t<p style=\"text-align: center;\">Restaurant historique situ\u00e9 dans la vieille ville de Saint-S\u00e9bastien,<br> fond\u00e9 dans les ann\u00e9es 1930 et actuellement dirig\u00e9<br>par le chef Josean Merino.<\/p>\t\t\t\t\t\t\t\t<\/div>\n\t\t\t\t<\/div>\n\t\t\t\t<div class=\"elementor-element elementor-element-c2b11fc elementor-widget elementor-widget-button\" data-id=\"c2b11fc\" data-element_type=\"widget\" data-e-type=\"widget\" data-widget_type=\"button.default\">\n\t\t\t\t<div class=\"elementor-widget-container\">\n\t\t\t\t\t\t\t\t\t<div class=\"elementor-button-wrapper\">\n\t\t\t\t\t<a class=\"elementor-button elementor-button-link elementor-size-sm\" href=\"https:\/\/josemaritaberna.com\/fr\/nous\/\">\n\t\t\t\t\t\t<span class=\"elementor-button-content-wrapper\">\n\t\t\t\t\t\t\t\t\t<span class=\"elementor-button-text\">Nous<\/span>\n\t\t\t\t\t<\/span>\n\t\t\t\t\t<\/a>\n\t\t\t\t<\/div>\n\t\t\t\t\t\t\t\t<\/div>\n\t\t\t\t<\/div>\n\t\t\t\t\t<\/div>\n\t\t\t\t<\/div>\n\t\t<div class=\"elementor-element elementor-element-d70adf3 e-grid e-con-full e-con e-parent\" data-id=\"d70adf3\" data-element_type=\"container\" data-e-type=\"container\">\n\t\t\t\t<div class=\"elementor-element elementor-element-2eeb272 elementor-widget elementor-widget-image\" data-id=\"2eeb272\" data-element_type=\"widget\" data-e-type=\"widget\" data-widget_type=\"image.default\">\n\t\t\t\t<div class=\"elementor-widget-container\">\n\t\t\t\t\t\t\t\t\t\t\t\t\t\t\t<img decoding=\"async\" width=\"1024\" height=\"682\" src=\"https:\/\/josemaritaberna.com\/wp-content\/uploads\/2025\/05\/IMG_1219-1024x682.jpg\" class=\"attachment-large size-large wp-image-3053\" alt=\"\" srcset=\"https:\/\/josemaritaberna.com\/wp-content\/uploads\/2025\/05\/IMG_1219-1024x682.jpg 1024w, https:\/\/josemaritaberna.com\/wp-content\/uploads\/2025\/05\/IMG_1219-300x200.jpg 300w, https:\/\/josemaritaberna.com\/wp-content\/uploads\/2025\/05\/IMG_1219-768x512.jpg 768w, https:\/\/josemaritaberna.com\/wp-content\/uploads\/2025\/05\/IMG_1219.jpg 1403w\" sizes=\"auto, (max-width: 1024px) 100vw, 1024px\" \/ fetchpriority=\"high\">\t\t\t\t\t\t\t\t\t\t\t\t\t\t\t<\/div>\n\t\t\t\t<\/div>\n\t\t<div class=\"elementor-element elementor-element-47d2499 e-con-full e-flex e-con e-child\" data-id=\"47d2499\" data-element_type=\"container\" data-e-type=\"container\">\n\t\t\t\t<div class=\"elementor-element elementor-element-82811e8 elementor-widget elementor-widget-heading\" data-id=\"82811e8\" data-element_type=\"widget\" data-e-type=\"widget\" data-widget_type=\"heading.default\">\n\t\t\t\t<div class=\"elementor-widget-container\">\n\t\t\t\t\t<h2 class=\"elementor-heading-title elementor-size-default\">Notre carte<\/h2>\t\t\t\t<\/div>\n\t\t\t\t<\/div>\n\t\t\t\t<div class=\"elementor-element elementor-element-0635eba elementor-widget__width-initial elementor-widget elementor-widget-text-editor\" data-id=\"0635eba\" data-element_type=\"widget\" data-e-type=\"widget\" data-widget_type=\"text-editor.default\">\n\t\t\t\t<div class=\"elementor-widget-container\">\n\t\t\t\t\t\t\t\t\t<p style=\"text-align: center;\">Notre cuisine repose sur les l\u00e9gumes, le poisson, les fruits de mer et la viande, alliant la tradition culinaire de leurs origines \u00e0 une touche de cr\u00e9ativit\u00e9 contemporaine dans chaque plat.<\/p>\t\t\t\t\t\t\t\t<\/div>\n\t\t\t\t<\/div>\n\t\t\t\t<div class=\"elementor-element elementor-element-6a92621 elementor-widget elementor-widget-button\" data-id=\"6a92621\" data-element_type=\"widget\" data-e-type=\"widget\" data-widget_type=\"button.default\">\n\t\t\t\t<div class=\"elementor-widget-container\">\n\t\t\t\t\t\t\t\t\t<div class=\"elementor-button-wrapper\">\n\t\t\t\t\t<a class=\"elementor-button elementor-button-link elementor-size-sm\" href=\"https:\/\/josemaritaberna.com\/fr\/carte\/\" target=\"_blank\">\n\t\t\t\t\t\t<span class=\"elementor-button-content-wrapper\">\n\t\t\t\t\t\t\t\t\t<span class=\"elementor-button-text\">Voir carte<\/span>\n\t\t\t\t\t<\/span>\n\t\t\t\t\t<\/a>\n\t\t\t\t<\/div>\n\t\t\t\t\t\t\t\t<\/div>\n\t\t\t\t<\/div>\n\t\t\t\t<\/div>\n\t\t<div class=\"elementor-element elementor-element-3bc3024 e-con-full e-flex e-con e-child\" data-id=\"3bc3024\" data-element_type=\"container\" data-e-type=\"container\">\n\t\t\t\t<div class=\"elementor-element elementor-element-ec14d7f elementor-widget elementor-widget-heading\" data-id=\"ec14d7f\" data-element_type=\"widget\" data-e-type=\"widget\" data-widget_type=\"heading.default\">\n\t\t\t\t<div class=\"elementor-widget-container\">\n\t\t\t\t\t<h2 class=\"elementor-heading-title elementor-size-default\">Offrez Jose Mari<\/h2>\t\t\t\t<\/div>\n\t\t\t\t<\/div>\n\t\t\t\t<div class=\"elementor-element elementor-element-ae35612 elementor-widget__width-initial elementor-widget elementor-widget-text-editor\" data-id=\"ae35612\" data-element_type=\"widget\" data-e-type=\"widget\" data-widget_type=\"text-editor.default\">\n\t\t\t\t<div class=\"elementor-widget-container\">\n\t\t\t\t\t\t\t\t\t<p style=\"text-align: center;\">Vivez et profitez d\u2019une exp\u00e9rience gastronomique \u00e0 Jose Mari Taberna.<br data-start=\"203\" data-end=\"206\">Avec nos cartes cadeaux, vous choisissez le montant et la personne chanceuse choisit le moment pour en profiter. Un cadeau original, savoureux et rempli de beaux souvenirs. <\/p>\t\t\t\t\t\t\t\t<\/div>\n\t\t\t\t<\/div>\n\t\t\t\t<\/div>\n\t\t\t\t<div class=\"elementor-element elementor-element-47ab55e elementor-widget elementor-widget-image\" data-id=\"47ab55e\" data-element_type=\"widget\" data-e-type=\"widget\" data-widget_type=\"image.default\">\n\t\t\t\t<div class=\"elementor-widget-container\">\n\t\t\t\t\t\t\t\t\t\t\t\t\t\t\t<img loading=\"lazy\" decoding=\"async\" width=\"1024\" height=\"683\" src=\"https:\/\/josemaritaberna.com\/wp-content\/uploads\/2025\/05\/Jose-mari-18-scaled-e1747651198301-1024x683.jpg\" class=\"attachment-large size-large wp-image-3054\" alt=\"\" srcset=\"https:\/\/josemaritaberna.com\/wp-content\/uploads\/2025\/05\/Jose-mari-18-scaled-e1747651198301-1024x683.jpg 1024w, https:\/\/josemaritaberna.com\/wp-content\/uploads\/2025\/05\/Jose-mari-18-scaled-e1747651198301-300x200.jpg 300w, https:\/\/josemaritaberna.com\/wp-content\/uploads\/2025\/05\/Jose-mari-18-scaled-e1747651198301-768x512.jpg 768w, https:\/\/josemaritaberna.com\/wp-content\/uploads\/2025\/05\/Jose-mari-18-scaled-e1747651198301-1536x1024.jpg 1536w, https:\/\/josemaritaberna.com\/wp-content\/uploads\/2025\/05\/Jose-mari-18-scaled-e1747651198301.jpg 1920w\" sizes=\"auto, (max-width: 1024px) 100vw, 1024px\" loading=\"lazy\" \/ fetchpriority=\"low\">\t\t\t\t\t\t\t\t\t\t\t\t\t\t\t<\/div>\n\t\t\t\t<\/div>\n\t\t\t\t<\/div>\n\t\t\t\t<\/div>\n\t\t","protected":false},"excerpt":{"rendered":"<p>Qui nous sommes NOTRE HISTOIRE Restaurant historique situ\u00e9 dans la vieille ville de Saint-S\u00e9bastien, fond\u00e9 dans les ann\u00e9es 1930 et actuellement dirig\u00e9par le chef Josean Merino. Nous Notre carte Notre cuisine repose sur les l\u00e9gumes, le poisson, les fruits de mer et la viande, alliant la tradition culinaire de leurs origines \u00e0 une touche de [&hellip;]<\/p>\n","protected":false},"author":2,"featured_media":0,"parent":0,"menu_order":5,"comment_status":"closed","ping_status":"closed","template":"","meta":{"om_disable_all_campaigns":false,"_monsterinsights_skip_tracking":false,"_monsterinsights_sitenote_active":false,"_monsterinsights_sitenote_note":"","_monsterinsights_sitenote_category":0,"_uf_show_specific_survey":0,"_uf_disable_surveys":false,"ocean_post_layout":"","ocean_both_sidebars_style":"","ocean_both_sidebars_content_width":0,"ocean_both_sidebars_sidebars_width":0,"ocean_sidebar":"","ocean_second_sidebar":"","ocean_disable_margins":"enable","ocean_add_body_class":"","ocean_shortcode_before_top_bar":"","ocean_shortcode_after_top_bar":"","ocean_shortcode_before_header":"","ocean_shortcode_after_header":"","ocean_has_shortcode":"","ocean_shortcode_after_title":"","ocean_shortcode_before_footer_widgets":"","ocean_shortcode_after_footer_widgets":"","ocean_shortcode_before_footer_bottom":"","ocean_shortcode_after_footer_bottom":"","ocean_display_top_bar":"default","ocean_display_header":"default","ocean_header_style":"","ocean_center_header_left_menu":"","ocean_custom_header_template":"","ocean_custom_logo":0,"ocean_custom_retina_logo":0,"ocean_custom_logo_max_width":0,"ocean_custom_logo_tablet_max_width":0,"ocean_custom_logo_mobile_max_width":0,"ocean_custom_logo_max_height":0,"ocean_custom_logo_tablet_max_height":0,"ocean_custom_logo_mobile_max_height":0,"ocean_header_custom_menu":"","ocean_menu_typo_font_family":"","ocean_menu_typo_font_subset":"","ocean_menu_typo_font_size":0,"ocean_menu_typo_font_size_tablet":0,"ocean_menu_typo_font_size_mobile":0,"ocean_menu_typo_font_size_unit":"px","ocean_menu_typo_font_weight":"","ocean_menu_typo_font_weight_tablet":"","ocean_menu_typo_font_weight_mobile":"","ocean_menu_typo_transform":"","ocean_menu_typo_transform_tablet":"","ocean_menu_typo_transform_mobile":"","ocean_menu_typo_line_height":0,"ocean_menu_typo_line_height_tablet":0,"ocean_menu_typo_line_height_mobile":0,"ocean_menu_typo_line_height_unit":"","ocean_menu_typo_spacing":0,"ocean_menu_typo_spacing_tablet":0,"ocean_menu_typo_spacing_mobile":0,"ocean_menu_typo_spacing_unit":"","ocean_menu_link_color":"","ocean_menu_link_color_hover":"","ocean_menu_link_color_active":"","ocean_menu_link_background":"","ocean_menu_link_hover_background":"","ocean_menu_link_active_background":"","ocean_menu_social_links_bg":"","ocean_menu_social_hover_links_bg":"","ocean_menu_social_links_color":"","ocean_menu_social_hover_links_color":"","ocean_disable_title":"default","ocean_disable_heading":"default","ocean_post_title":"","ocean_post_subheading":"","ocean_post_title_style":"","ocean_post_title_background_color":"","ocean_post_title_background":0,"ocean_post_title_bg_image_position":"","ocean_post_title_bg_image_attachment":"","ocean_post_title_bg_image_repeat":"","ocean_post_title_bg_image_size":"","ocean_post_title_height":0,"ocean_post_title_bg_overlay":0.5,"ocean_post_title_bg_overlay_color":"","ocean_disable_breadcrumbs":"default","ocean_breadcrumbs_color":"","ocean_breadcrumbs_separator_color":"","ocean_breadcrumbs_links_color":"","ocean_breadcrumbs_links_hover_color":"","ocean_display_footer_widgets":"default","ocean_display_footer_bottom":"default","ocean_custom_footer_template":"","footnotes":""},"class_list":["post-3051","page","type-page","status-publish","hentry","entry"],"aioseo_notices":[],"_links":{"self":[{"href":"https:\/\/josemaritaberna.com\/fr\/wp-json\/wp\/v2\/pages\/3051","targetHints":{"allow":["GET"]}}],"collection":[{"href":"https:\/\/josemaritaberna.com\/fr\/wp-json\/wp\/v2\/pages"}],"about":[{"href":"https:\/\/josemaritaberna.com\/fr\/wp-json\/wp\/v2\/types\/page"}],"author":[{"embeddable":true,"href":"https:\/\/josemaritaberna.com\/fr\/wp-json\/wp\/v2\/users\/2"}],"replies":[{"embeddable":true,"href":"https:\/\/josemaritaberna.com\/fr\/wp-json\/wp\/v2\/comments?post=3051"}],"version-history":[{"count":6,"href":"https:\/\/josemaritaberna.com\/fr\/wp-json\/wp\/v2\/pages\/3051\/revisions"}],"predecessor-version":[{"id":3324,"href":"https:\/\/josemaritaberna.com\/fr\/wp-json\/wp\/v2\/pages\/3051\/revisions\/3324"}],"wp:attachment":[{"href":"https:\/\/josemaritaberna.com\/fr\/wp-json\/wp\/v2\/media?parent=3051"}],"curies":[{"name":"wp","href":"https:\/\/api.w.org\/{rel}","templated":true}]}}