{"id":2981,"date":"2019-05-13T06:56:26","date_gmt":"2019-05-13T06:56:26","guid":{"rendered":"https:\/\/josemaritaberna.com\/groupes\/"},"modified":"2025-11-13T07:08:59","modified_gmt":"2025-11-13T07:08:59","slug":"groupes","status":"publish","type":"page","link":"https:\/\/josemaritaberna.com\/fr\/groupes\/","title":{"rendered":"GROUPES"},"content":{"rendered":"\t\t<div data-elementor-type=\"wp-post\" data-elementor-id=\"2981\" class=\"elementor elementor-2981 elementor-1885\">\n\t\t\t\t<div class=\"elementor-element elementor-element-61ffcca e-flex e-con-boxed e-con e-parent\" data-id=\"61ffcca\" data-element_type=\"container\" data-e-type=\"container\" data-settings=\"{&quot;background_background&quot;:&quot;video&quot;,&quot;background_video_link&quot;:&quot;https:\\\/\\\/josemaritaberna.com\\\/wp-content\\\/uploads\\\/2025\\\/05\\\/Sin-titulo.mov&quot;,&quot;background_play_on_mobile&quot;:&quot;yes&quot;}\">\n\t\t\t\t\t<div class=\"e-con-inner\">\n\t\t<div class=\"elementor-background-video-container\">\n\t\t\t\t\t\t\t<video class=\"elementor-background-video-hosted\" role=\"presentation\" autoplay muted playsinline loop><\/video>\n\t\t\t\t\t<\/div><div class=\"elementor-element elementor-element-d843048 e-con-full e-flex e-con e-child\" data-id=\"d843048\" data-element_type=\"container\" data-e-type=\"container\">\n\t\t\t\t<div class=\"elementor-element elementor-element-0f4d076 elementor-widget elementor-widget-heading\" data-id=\"0f4d076\" data-element_type=\"widget\" data-e-type=\"widget\" data-widget_type=\"heading.default\">\n\t\t\t\t<div class=\"elementor-widget-container\">\n\t\t\t\t\t<h2 class=\"elementor-heading-title elementor-size-default\">Groupes en Jose Mari<\/h2>\t\t\t\t<\/div>\n\t\t\t\t<\/div>\n\t\t<div class=\"elementor-element elementor-element-23142a6 e-grid e-con-full e-con e-child\" data-id=\"23142a6\" data-element_type=\"container\" data-e-type=\"container\">\n\t\t\t\t<div class=\"elementor-element elementor-element-edde910 elementor-align-center elementor-widget elementor-widget-button\" data-id=\"edde910\" data-element_type=\"widget\" data-e-type=\"widget\" data-widget_type=\"button.default\">\n\t\t\t\t<div class=\"elementor-widget-container\">\n\t\t\t\t\t\t\t\t\t<div class=\"elementor-button-wrapper\">\n\t\t\t\t\t<a class=\"elementor-button elementor-button-link elementor-size-sm\" href=\"tel:943299006\">\n\t\t\t\t\t\t<span class=\"elementor-button-content-wrapper\">\n\t\t\t\t\t\t\t\t\t<span class=\"elementor-button-text\">Appelez-nous<\/span>\n\t\t\t\t\t<\/span>\n\t\t\t\t\t<\/a>\n\t\t\t\t<\/div>\n\t\t\t\t\t\t\t\t<\/div>\n\t\t\t\t<\/div>\n\t\t\t\t<div class=\"elementor-element elementor-element-cf865da elementor-align-center elementor-widget elementor-widget-button\" data-id=\"cf865da\" data-element_type=\"widget\" data-e-type=\"widget\" data-widget_type=\"button.default\">\n\t\t\t\t<div class=\"elementor-widget-container\">\n\t\t\t\t\t\t\t\t\t<div class=\"elementor-button-wrapper\">\n\t\t\t\t\t<a class=\"elementor-button elementor-button-link elementor-size-sm\" href=\"https:\/\/josemaritaberna.com\/fr\/nous-contacter\/\">\n\t\t\t\t\t\t<span class=\"elementor-button-content-wrapper\">\n\t\t\t\t\t\t\t\t\t<span class=\"elementor-button-text\">\u00c9crivez-nous<\/span>\n\t\t\t\t\t<\/span>\n\t\t\t\t\t<\/a>\n\t\t\t\t<\/div>\n\t\t\t\t\t\t\t\t<\/div>\n\t\t\t\t<\/div>\n\t\t\t\t<\/div>\n\t\t\t\t<\/div>\n\t\t\t\t\t<\/div>\n\t\t\t\t<\/div>\n\t\t<div class=\"elementor-element elementor-element-d52906c e-flex e-con-boxed e-con e-parent\" data-id=\"d52906c\" data-element_type=\"container\" data-e-type=\"container\">\n\t\t\t\t\t<div class=\"e-con-inner\">\n\t\t<div class=\"elementor-element elementor-element-3b4aee3 e-con-full e-flex e-con e-child\" data-id=\"3b4aee3\" data-element_type=\"container\" data-e-type=\"container\">\n\t\t\t\t<div class=\"elementor-element elementor-element-2ffbd8d elementor-widget elementor-widget-heading\" data-id=\"2ffbd8d\" data-element_type=\"widget\" data-e-type=\"widget\" data-widget_type=\"heading.default\">\n\t\t\t\t<div class=\"elementor-widget-container\">\n\t\t\t\t\t<h2 class=\"elementor-heading-title elementor-size-default\">Jose Mari Taberna est l\u2019endroit parfait<br>pour organiser votre prochain \u00e9v\u00e9nement<br>ou simplement profiter d\u2019un bon moment<br>avec votre bande d\u2019amis ou votre famille<\/h2>\t\t\t\t<\/div>\n\t\t\t\t<\/div>\n\t\t\t\t<\/div>\n\t\t<div class=\"elementor-element elementor-element-95a2d1b e-grid e-con-full e-con e-child\" data-id=\"95a2d1b\" data-element_type=\"container\" data-e-type=\"container\">\n\t\t\t\t<div class=\"elementor-element elementor-element-34d8c34 elementor-widget elementor-widget-text-editor\" data-id=\"34d8c34\" data-element_type=\"widget\" data-e-type=\"widget\" data-widget_type=\"text-editor.default\">\n\t\t\t\t<div class=\"elementor-widget-container\">\n\t\t\t\t\t\t\t\t\t<p style=\"text-align: center;\">Chez Jose Mari Taberna, nous disposons d\u2019une salle \u00e0 l\u2019\u00e9tage pouvant accueillir jusqu\u2019\u00e0 75 personnes, id\u00e9ale pour les groupes et les \u00e9v\u00e9nements priv\u00e9s, tels que les d\u00eeners d\u2019entreprise, les c\u00e9l\u00e9brations, les repas entre amis ou les \u00e9v\u00e9nements plus importants. <\/p>\t\t\t\t\t\t\t\t<\/div>\n\t\t\t\t<\/div>\n\t\t\t\t<div class=\"elementor-element elementor-element-6c7ef2f elementor-widget elementor-widget-text-editor\" data-id=\"6c7ef2f\" data-element_type=\"widget\" data-e-type=\"widget\" data-widget_type=\"text-editor.default\">\n\t\t\t\t<div class=\"elementor-widget-container\">\n\t\t\t\t\t\t\t\t\t<p style=\"text-align: center;\">Notre espace s\u2019adapte \u00e0 vos besoins. Vous y trouverez tout, des pauses caf\u00e9 aux menus cocktails, en passant par les menus de groupe, les corners de pintxos et bien plus encore. Une s\u00e9lection de bouch\u00e9es surprenantes, soigneusement \u00e9labor\u00e9es par nos chefs.   <\/p>\t\t\t\t\t\t\t\t<\/div>\n\t\t\t\t<\/div>\n\t\t\t\t<\/div>\n\t\t\t\t\t<\/div>\n\t\t\t\t<\/div>\n\t\t<div class=\"elementor-element elementor-element-6c1b21a e-flex e-con-boxed e-con e-parent\" data-id=\"6c1b21a\" data-element_type=\"container\" data-e-type=\"container\">\n\t\t\t\t\t<div class=\"e-con-inner\">\n\t\t\t\t\t<\/div>\n\t\t\t\t<\/div>\n\t\t<div class=\"elementor-element elementor-element-bf4a310 e-flex e-con-boxed e-con e-parent\" data-id=\"bf4a310\" data-element_type=\"container\" data-e-type=\"container\">\n\t\t\t\t\t<div class=\"e-con-inner\">\n\t\t<div class=\"elementor-element elementor-element-07aaf1a e-con-full e-flex e-con e-child\" data-id=\"07aaf1a\" data-element_type=\"container\" data-e-type=\"container\">\n\t\t\t\t<div class=\"elementor-element elementor-element-f386acd elementor-widget elementor-widget-image\" data-id=\"f386acd\" data-element_type=\"widget\" data-e-type=\"widget\" data-widget_type=\"image.default\">\n\t\t\t\t<div class=\"elementor-widget-container\">\n\t\t\t\t\t\t\t\t\t\t\t\t\t\t\t<img decoding=\"async\" width=\"683\" height=\"1024\" src=\"https:\/\/josemaritaberna.com\/wp-content\/uploads\/2025\/05\/Shooting-23-683x1024.jpg\" class=\"attachment-large size-large wp-image-2984\" alt=\"\" srcset=\"https:\/\/josemaritaberna.com\/wp-content\/uploads\/2025\/05\/Shooting-23-683x1024.jpg 683w, https:\/\/josemaritaberna.com\/wp-content\/uploads\/2025\/05\/Shooting-23-200x300.jpg 200w, https:\/\/josemaritaberna.com\/wp-content\/uploads\/2025\/05\/Shooting-23-768x1152.jpg 768w, https:\/\/josemaritaberna.com\/wp-content\/uploads\/2025\/05\/Shooting-23-1024x1536.jpg 1024w, https:\/\/josemaritaberna.com\/wp-content\/uploads\/2025\/05\/Shooting-23-1365x2048.jpg 1365w, https:\/\/josemaritaberna.com\/wp-content\/uploads\/2025\/05\/Shooting-23-scaled.jpg 1707w\" sizes=\"auto, (max-width: 683px) 100vw, 683px\" \/ fetchpriority=\"high\">\t\t\t\t\t\t\t\t\t\t\t\t\t\t\t<\/div>\n\t\t\t\t<\/div>\n\t\t\t\t<\/div>\n\t\t<div class=\"elementor-element elementor-element-b07fd01 e-con-full e-flex e-con e-child\" data-id=\"b07fd01\" data-element_type=\"container\" data-e-type=\"container\">\n\t\t\t\t<div class=\"elementor-element elementor-element-0206a5d elementor-widget elementor-widget-image\" data-id=\"0206a5d\" data-element_type=\"widget\" data-e-type=\"widget\" data-widget_type=\"image.default\">\n\t\t\t\t<div class=\"elementor-widget-container\">\n\t\t\t\t\t\t\t\t\t\t\t\t\t\t\t<img loading=\"lazy\" decoding=\"async\" width=\"683\" height=\"1024\" src=\"https:\/\/josemaritaberna.com\/wp-content\/uploads\/2025\/05\/Shooting-11-683x1024.jpg\" class=\"attachment-large size-large wp-image-2986\" alt=\"\" srcset=\"https:\/\/josemaritaberna.com\/wp-content\/uploads\/2025\/05\/Shooting-11-683x1024.jpg 683w, https:\/\/josemaritaberna.com\/wp-content\/uploads\/2025\/05\/Shooting-11-200x300.jpg 200w, https:\/\/josemaritaberna.com\/wp-content\/uploads\/2025\/05\/Shooting-11-768x1152.jpg 768w, https:\/\/josemaritaberna.com\/wp-content\/uploads\/2025\/05\/Shooting-11-1024x1536.jpg 1024w, https:\/\/josemaritaberna.com\/wp-content\/uploads\/2025\/05\/Shooting-11-1365x2048.jpg 1365w, https:\/\/josemaritaberna.com\/wp-content\/uploads\/2025\/05\/Shooting-11-scaled.jpg 1707w\" sizes=\"auto, (max-width: 683px) 100vw, 683px\" loading=\"lazy\" \/ fetchpriority=\"low\">\t\t\t\t\t\t\t\t\t\t\t\t\t\t\t<\/div>\n\t\t\t\t<\/div>\n\t\t\t\t<\/div>\n\t\t<div class=\"elementor-element elementor-element-e313f4a e-con-full e-flex e-con e-child\" data-id=\"e313f4a\" data-element_type=\"container\" data-e-type=\"container\">\n\t\t\t\t<div class=\"elementor-element elementor-element-a13c646 elementor-widget elementor-widget-image\" data-id=\"a13c646\" data-element_type=\"widget\" data-e-type=\"widget\" data-widget_type=\"image.default\">\n\t\t\t\t<div class=\"elementor-widget-container\">\n\t\t\t\t\t\t\t\t\t\t\t\t\t\t\t<img loading=\"lazy\" decoding=\"async\" width=\"683\" height=\"1024\" src=\"https:\/\/josemaritaberna.com\/wp-content\/uploads\/2025\/05\/Shooting-59-683x1024.jpg\" class=\"attachment-large size-large wp-image-2987\" alt=\"\" srcset=\"https:\/\/josemaritaberna.com\/wp-content\/uploads\/2025\/05\/Shooting-59-683x1024.jpg 683w, https:\/\/josemaritaberna.com\/wp-content\/uploads\/2025\/05\/Shooting-59-200x300.jpg 200w, https:\/\/josemaritaberna.com\/wp-content\/uploads\/2025\/05\/Shooting-59-768x1152.jpg 768w, https:\/\/josemaritaberna.com\/wp-content\/uploads\/2025\/05\/Shooting-59-1024x1536.jpg 1024w, https:\/\/josemaritaberna.com\/wp-content\/uploads\/2025\/05\/Shooting-59-1365x2048.jpg 1365w, https:\/\/josemaritaberna.com\/wp-content\/uploads\/2025\/05\/Shooting-59-scaled.jpg 1707w\" sizes=\"auto, (max-width: 683px) 100vw, 683px\" loading=\"lazy\" \/ fetchpriority=\"low\">\t\t\t\t\t\t\t\t\t\t\t\t\t\t\t<\/div>\n\t\t\t\t<\/div>\n\t\t\t\t<\/div>\n\t\t\t\t\t<\/div>\n\t\t\t\t<\/div>\n\t\t\t\t<\/div>\n\t\t","protected":false},"excerpt":{"rendered":"<p>Groupes en Jose Mari Appelez-nous \u00c9crivez-nous Jose Mari Taberna est l\u2019endroit parfaitpour organiser votre prochain \u00e9v\u00e9nementou simplement profiter d\u2019un bon momentavec votre bande d\u2019amis ou votre famille Chez Jose Mari Taberna, nous disposons d\u2019une salle \u00e0 l\u2019\u00e9tage pouvant accueillir jusqu\u2019\u00e0 75 personnes, id\u00e9ale pour les groupes et les \u00e9v\u00e9nements priv\u00e9s, tels que les d\u00eeners d\u2019entreprise, [&hellip;]<\/p>\n","protected":false},"author":2,"featured_media":0,"parent":0,"menu_order":7,"comment_status":"closed","ping_status":"closed","template":"","meta":{"om_disable_all_campaigns":false,"_monsterinsights_skip_tracking":false,"_monsterinsights_sitenote_active":false,"_monsterinsights_sitenote_note":"","_monsterinsights_sitenote_category":0,"_uf_show_specific_survey":0,"_uf_disable_surveys":false,"ocean_post_layout":"","ocean_both_sidebars_style":"","ocean_both_sidebars_content_width":0,"ocean_both_sidebars_sidebars_width":0,"ocean_sidebar":"","ocean_second_sidebar":"","ocean_disable_margins":"enable","ocean_add_body_class":"","ocean_shortcode_before_top_bar":"","ocean_shortcode_after_top_bar":"","ocean_shortcode_before_header":"","ocean_shortcode_after_header":"","ocean_has_shortcode":"","ocean_shortcode_after_title":"","ocean_shortcode_before_footer_widgets":"","ocean_shortcode_after_footer_widgets":"","ocean_shortcode_before_footer_bottom":"","ocean_shortcode_after_footer_bottom":"","ocean_display_top_bar":"default","ocean_display_header":"default","ocean_header_style":"","ocean_center_header_left_menu":"","ocean_custom_header_template":"","ocean_custom_logo":0,"ocean_custom_retina_logo":0,"ocean_custom_logo_max_width":0,"ocean_custom_logo_tablet_max_width":0,"ocean_custom_logo_mobile_max_width":0,"ocean_custom_logo_max_height":0,"ocean_custom_logo_tablet_max_height":0,"ocean_custom_logo_mobile_max_height":0,"ocean_header_custom_menu":"","ocean_menu_typo_font_family":"","ocean_menu_typo_font_subset":"","ocean_menu_typo_font_size":0,"ocean_menu_typo_font_size_tablet":0,"ocean_menu_typo_font_size_mobile":0,"ocean_menu_typo_font_size_unit":"px","ocean_menu_typo_font_weight":"","ocean_menu_typo_font_weight_tablet":"","ocean_menu_typo_font_weight_mobile":"","ocean_menu_typo_transform":"","ocean_menu_typo_transform_tablet":"","ocean_menu_typo_transform_mobile":"","ocean_menu_typo_line_height":0,"ocean_menu_typo_line_height_tablet":0,"ocean_menu_typo_line_height_mobile":0,"ocean_menu_typo_line_height_unit":"","ocean_menu_typo_spacing":0,"ocean_menu_typo_spacing_tablet":0,"ocean_menu_typo_spacing_mobile":0,"ocean_menu_typo_spacing_unit":"","ocean_menu_link_color":"","ocean_menu_link_color_hover":"","ocean_menu_link_color_active":"","ocean_menu_link_background":"","ocean_menu_link_hover_background":"","ocean_menu_link_active_background":"","ocean_menu_social_links_bg":"","ocean_menu_social_hover_links_bg":"","ocean_menu_social_links_color":"","ocean_menu_social_hover_links_color":"","ocean_disable_title":"default","ocean_disable_heading":"default","ocean_post_title":"","ocean_post_subheading":"","ocean_post_title_style":"","ocean_post_title_background_color":"","ocean_post_title_background":0,"ocean_post_title_bg_image_position":"","ocean_post_title_bg_image_attachment":"","ocean_post_title_bg_image_repeat":"","ocean_post_title_bg_image_size":"","ocean_post_title_height":0,"ocean_post_title_bg_overlay":0.5,"ocean_post_title_bg_overlay_color":"","ocean_disable_breadcrumbs":"default","ocean_breadcrumbs_color":"","ocean_breadcrumbs_separator_color":"","ocean_breadcrumbs_links_color":"","ocean_breadcrumbs_links_hover_color":"","ocean_display_footer_widgets":"default","ocean_display_footer_bottom":"default","ocean_custom_footer_template":"","footnotes":""},"class_list":["post-2981","page","type-page","status-publish","hentry","entry"],"aioseo_notices":[],"_links":{"self":[{"href":"https:\/\/josemaritaberna.com\/fr\/wp-json\/wp\/v2\/pages\/2981","targetHints":{"allow":["GET"]}}],"collection":[{"href":"https:\/\/josemaritaberna.com\/fr\/wp-json\/wp\/v2\/pages"}],"about":[{"href":"https:\/\/josemaritaberna.com\/fr\/wp-json\/wp\/v2\/types\/page"}],"author":[{"embeddable":true,"href":"https:\/\/josemaritaberna.com\/fr\/wp-json\/wp\/v2\/users\/2"}],"replies":[{"embeddable":true,"href":"https:\/\/josemaritaberna.com\/fr\/wp-json\/wp\/v2\/comments?post=2981"}],"version-history":[{"count":2,"href":"https:\/\/josemaritaberna.com\/fr\/wp-json\/wp\/v2\/pages\/2981\/revisions"}],"predecessor-version":[{"id":3343,"href":"https:\/\/josemaritaberna.com\/fr\/wp-json\/wp\/v2\/pages\/2981\/revisions\/3343"}],"wp:attachment":[{"href":"https:\/\/josemaritaberna.com\/fr\/wp-json\/wp\/v2\/media?parent=2981"}],"curies":[{"name":"wp","href":"https:\/\/api.w.org\/{rel}","templated":true}]}}