{"id":2931,"date":"2019-05-13T06:49:43","date_gmt":"2019-05-13T06:49:43","guid":{"rendered":"https:\/\/josemaritaberna.com\/accueil\/"},"modified":"2025-11-11T12:17:08","modified_gmt":"2025-11-11T12:17:08","slug":"accueil","status":"publish","type":"page","link":"https:\/\/josemaritaberna.com\/fr\/","title":{"rendered":"ACCUEIL"},"content":{"rendered":"\t\t<div data-elementor-type=\"wp-post\" data-elementor-id=\"2931\" class=\"elementor elementor-2931 elementor-1882\">\n\t\t\t\t<div class=\"elementor-element elementor-element-44fdef5 e-flex e-con-boxed e-con e-parent\" data-id=\"44fdef5\" data-element_type=\"container\" data-e-type=\"container\" data-settings=\"{&quot;background_background&quot;:&quot;slideshow&quot;,&quot;background_slideshow_gallery&quot;:[{&quot;id&quot;:3036,&quot;url&quot;:&quot;https:\\\/\\\/josemaritaberna.com\\\/wp-content\\\/uploads\\\/slider5\\\/Shooting-27-scaled.jpeg&quot;},{&quot;id&quot;:3037,&quot;url&quot;:&quot;https:\\\/\\\/josemaritaberna.com\\\/wp-content\\\/uploads\\\/2025\\\/05\\\/Jose-mari-15-1-scaled.jpg&quot;},{&quot;id&quot;:3038,&quot;url&quot;:&quot;https:\\\/\\\/josemaritaberna.com\\\/wp-content\\\/uploads\\\/slider5\\\/Shooting-2-scaled.jpeg&quot;},{&quot;id&quot;:3039,&quot;url&quot;:&quot;https:\\\/\\\/josemaritaberna.com\\\/wp-content\\\/uploads\\\/2025\\\/05\\\/Jose-mari-17-scaled-e1747735679635.jpg&quot;},{&quot;id&quot;:2984,&quot;url&quot;:&quot;https:\\\/\\\/josemaritaberna.com\\\/wp-content\\\/uploads\\\/2025\\\/05\\\/Shooting-23-scaled.jpg&quot;}],&quot;background_slideshow_slide_duration&quot;:3000,&quot;background_slideshow_loop&quot;:&quot;yes&quot;,&quot;background_slideshow_slide_transition&quot;:&quot;fade&quot;,&quot;background_slideshow_transition_duration&quot;:500}\">\n\t\t\t\t\t<div class=\"e-con-inner\">\n\t\t\t\t<div class=\"elementor-element elementor-element-b318651 elementor-widget elementor-widget-heading\" data-id=\"b318651\" data-element_type=\"widget\" data-e-type=\"widget\" data-widget_type=\"heading.default\">\n\t\t\t\t<div class=\"elementor-widget-container\">\n\t\t\t\t\t<h1 class=\"elementor-heading-title elementor-size-default\">La taberna pour \u00eatre entre amis<\/h1>\t\t\t\t<\/div>\n\t\t\t\t<\/div>\n\t\t\t\t<div class=\"elementor-element elementor-element-a759afd elementor-widget elementor-widget-button\" data-id=\"a759afd\" data-element_type=\"widget\" data-e-type=\"widget\" data-widget_type=\"button.default\">\n\t\t\t\t<div class=\"elementor-widget-container\">\n\t\t\t\t\t\t\t\t\t<div class=\"elementor-button-wrapper\">\n\t\t\t\t\t<a class=\"elementor-button elementor-button-link elementor-size-sm\" href=\"https:\/\/josemaritaberna.com\/fr\/reservations\/\">\n\t\t\t\t\t\t<span class=\"elementor-button-content-wrapper\">\n\t\t\t\t\t\t\t\t\t<span class=\"elementor-button-text\">RESERVATIONS<\/span>\n\t\t\t\t\t<\/span>\n\t\t\t\t\t<\/a>\n\t\t\t\t<\/div>\n\t\t\t\t\t\t\t\t<\/div>\n\t\t\t\t<\/div>\n\t\t\t\t\t<\/div>\n\t\t\t\t<\/div>\n\t\t<div class=\"elementor-element elementor-element-86d2af7 e-con-full e-flex e-con e-parent\" data-id=\"86d2af7\" data-element_type=\"container\" data-e-type=\"container\">\n\t\t<div class=\"elementor-element elementor-element-07f751f e-con-full e-flex e-con e-child\" data-id=\"07f751f\" data-element_type=\"container\" data-e-type=\"container\">\n\t\t<div class=\"elementor-element elementor-element-8cde09e e-con-full e-flex e-con e-child\" data-id=\"8cde09e\" data-element_type=\"container\" data-e-type=\"container\">\n\t\t\t\t<div class=\"elementor-element elementor-element-fc6aedd elementor-widget elementor-widget-heading\" data-id=\"fc6aedd\" data-element_type=\"widget\" data-e-type=\"widget\" data-widget_type=\"heading.default\">\n\t\t\t\t<div class=\"elementor-widget-container\">\n\t\t\t\t\t<h1 class=\"elementor-heading-title elementor-size-default\">NOS PR\u00c9F\u00c9R\u00c9S<\/h1>\t\t\t\t<\/div>\n\t\t\t\t<\/div>\n\t\t\t\t<\/div>\n\t\t<div class=\"elementor-element elementor-element-b85e526 e-con-full e-flex e-con e-child\" data-id=\"b85e526\" data-element_type=\"container\" data-e-type=\"container\">\n\t\t\t\t<div class=\"elementor-element elementor-element-8833061 elementor-widget elementor-widget-text-editor\" data-id=\"8833061\" data-element_type=\"widget\" data-e-type=\"widget\" data-widget_type=\"text-editor.default\">\n\t\t\t\t<div class=\"elementor-widget-container\">\n\t\t\t\t\t\t\t\t\t<p>Chez Jose Mari Taberna, nos plats gagnent le c\u0153ur de tous. De ces bouch\u00e9es qui te donnent envie d&rsquo;en reprendre encore et encore, aux menus qui ne d\u00e9\u00e7oivent jamais, quel que soit le jour de la semaine. Chaque bouch\u00e9e a une histoire et chaque plat a sa touche sp\u00e9ciale. Parce que nous savons ce que tu aimes, depuis de nombreuses ann\u00e9es !<\/p><p>Que ce soit pour reprendre des forces avec un bon <strong data-start=\"545\" data-end=\"561\">menu du jour<\/strong>, ou pour profiter des classiques que l&rsquo;on nous demande toujours, il y a toujours ici quelque chose qui te fera te sentir comme chez toi. Viens les d\u00e9couvrir ! Parce que ce qui est bon ne se d\u00e9mode jamais et que nous savons comment le faire.<\/p>\t\t\t\t\t\t\t\t<\/div>\n\t\t\t\t<\/div>\n\t\t\t\t<div class=\"elementor-element elementor-element-1462aa6 elementor-widget elementor-widget-button\" data-id=\"1462aa6\" data-element_type=\"widget\" data-e-type=\"widget\" data-widget_type=\"button.default\">\n\t\t\t\t<div class=\"elementor-widget-container\">\n\t\t\t\t\t\t\t\t\t<div class=\"elementor-button-wrapper\">\n\t\t\t\t\t<a class=\"elementor-button elementor-button-link elementor-size-sm\" href=\"https:\/\/josemaritaberna.com\/fr\/carte\/\">\n\t\t\t\t\t\t<span class=\"elementor-button-content-wrapper\">\n\t\t\t\t\t\t\t\t\t<span class=\"elementor-button-text\">NOTRE CARTE<\/span>\n\t\t\t\t\t<\/span>\n\t\t\t\t\t<\/a>\n\t\t\t\t<\/div>\n\t\t\t\t\t\t\t\t<\/div>\n\t\t\t\t<\/div>\n\t\t\t\t<\/div>\n\t\t\t\t<\/div>\n\t\t<div class=\"elementor-element elementor-element-7c4b094 e-con-full e-flex e-con e-child\" data-id=\"7c4b094\" data-element_type=\"container\" data-e-type=\"container\">\n\t\t\t\t<div class=\"elementor-element elementor-element-0c897eb elementor-widget elementor-widget-image\" data-id=\"0c897eb\" data-element_type=\"widget\" data-e-type=\"widget\" data-widget_type=\"image.default\">\n\t\t\t\t<div class=\"elementor-widget-container\">\n\t\t\t\t\t\t\t\t\t\t\t\t\t\t\t<img decoding=\"async\" width=\"1024\" height=\"683\" src=\"https:\/\/josemaritaberna.com\/wp-content\/uploads\/2025\/05\/20230927_JoseMari_332-1024x683.jpg\" class=\"attachment-large size-large wp-image-2969\" alt=\"\" srcset=\"https:\/\/josemaritaberna.com\/wp-content\/uploads\/2025\/05\/20230927_JoseMari_332-1024x683.jpg 1024w, https:\/\/josemaritaberna.com\/wp-content\/uploads\/2025\/05\/20230927_JoseMari_332-300x200.jpg 300w, https:\/\/josemaritaberna.com\/wp-content\/uploads\/2025\/05\/20230927_JoseMari_332-768x512.jpg 768w, https:\/\/josemaritaberna.com\/wp-content\/uploads\/2025\/05\/20230927_JoseMari_332-1536x1024.jpg 1536w, https:\/\/josemaritaberna.com\/wp-content\/uploads\/2025\/05\/20230927_JoseMari_332-2048x1366.jpg 2048w\" sizes=\"auto, (max-width: 1024px) 100vw, 1024px\" \/ fetchpriority=\"high\">\t\t\t\t\t\t\t\t\t\t\t\t\t\t\t<\/div>\n\t\t\t\t<\/div>\n\t\t\t\t<\/div>\n\t\t\t\t<\/div>\n\t\t\t\t<\/div>\n\t\t","protected":false},"excerpt":{"rendered":"<p>La taberna pour \u00eatre entre amis RESERVATIONS NOS PR\u00c9F\u00c9R\u00c9S Chez Jose Mari Taberna, nos plats gagnent le c\u0153ur de tous. De ces bouch\u00e9es qui te donnent envie d&rsquo;en reprendre encore et encore, aux menus qui ne d\u00e9\u00e7oivent jamais, quel que soit le jour de la semaine. Chaque bouch\u00e9e a une histoire et chaque plat a [&hellip;]<\/p>\n","protected":false},"author":2,"featured_media":0,"parent":0,"menu_order":1,"comment_status":"closed","ping_status":"closed","template":"","meta":{"om_disable_all_campaigns":false,"_monsterinsights_skip_tracking":false,"_monsterinsights_sitenote_active":false,"_monsterinsights_sitenote_note":"","_monsterinsights_sitenote_category":0,"_uf_show_specific_survey":0,"_uf_disable_surveys":false,"ocean_post_layout":"","ocean_both_sidebars_style":"","ocean_both_sidebars_content_width":0,"ocean_both_sidebars_sidebars_width":0,"ocean_sidebar":"","ocean_second_sidebar":"","ocean_disable_margins":"enable","ocean_add_body_class":"","ocean_shortcode_before_top_bar":"","ocean_shortcode_after_top_bar":"","ocean_shortcode_before_header":"","ocean_shortcode_after_header":"","ocean_has_shortcode":"","ocean_shortcode_after_title":"","ocean_shortcode_before_footer_widgets":"","ocean_shortcode_after_footer_widgets":"","ocean_shortcode_before_footer_bottom":"","ocean_shortcode_after_footer_bottom":"","ocean_display_top_bar":"default","ocean_display_header":"default","ocean_header_style":"","ocean_center_header_left_menu":"","ocean_custom_header_template":"","ocean_custom_logo":0,"ocean_custom_retina_logo":0,"ocean_custom_logo_max_width":0,"ocean_custom_logo_tablet_max_width":0,"ocean_custom_logo_mobile_max_width":0,"ocean_custom_logo_max_height":0,"ocean_custom_logo_tablet_max_height":0,"ocean_custom_logo_mobile_max_height":0,"ocean_header_custom_menu":"","ocean_menu_typo_font_family":"","ocean_menu_typo_font_subset":"","ocean_menu_typo_font_size":0,"ocean_menu_typo_font_size_tablet":0,"ocean_menu_typo_font_size_mobile":0,"ocean_menu_typo_font_size_unit":"px","ocean_menu_typo_font_weight":"","ocean_menu_typo_font_weight_tablet":"","ocean_menu_typo_font_weight_mobile":"","ocean_menu_typo_transform":"","ocean_menu_typo_transform_tablet":"","ocean_menu_typo_transform_mobile":"","ocean_menu_typo_line_height":0,"ocean_menu_typo_line_height_tablet":0,"ocean_menu_typo_line_height_mobile":0,"ocean_menu_typo_line_height_unit":"","ocean_menu_typo_spacing":0,"ocean_menu_typo_spacing_tablet":0,"ocean_menu_typo_spacing_mobile":0,"ocean_menu_typo_spacing_unit":"","ocean_menu_link_color":"","ocean_menu_link_color_hover":"","ocean_menu_link_color_active":"","ocean_menu_link_background":"","ocean_menu_link_hover_background":"","ocean_menu_link_active_background":"","ocean_menu_social_links_bg":"","ocean_menu_social_hover_links_bg":"","ocean_menu_social_links_color":"","ocean_menu_social_hover_links_color":"","ocean_disable_title":"default","ocean_disable_heading":"default","ocean_post_title":"","ocean_post_subheading":"","ocean_post_title_style":"","ocean_post_title_background_color":"","ocean_post_title_background":0,"ocean_post_title_bg_image_position":"","ocean_post_title_bg_image_attachment":"","ocean_post_title_bg_image_repeat":"","ocean_post_title_bg_image_size":"","ocean_post_title_height":0,"ocean_post_title_bg_overlay":0.5,"ocean_post_title_bg_overlay_color":"","ocean_disable_breadcrumbs":"default","ocean_breadcrumbs_color":"","ocean_breadcrumbs_separator_color":"","ocean_breadcrumbs_links_color":"","ocean_breadcrumbs_links_hover_color":"","ocean_display_footer_widgets":"default","ocean_display_footer_bottom":"default","ocean_custom_footer_template":"","footnotes":""},"class_list":["post-2931","page","type-page","status-publish","hentry","entry"],"aioseo_notices":[],"_links":{"self":[{"href":"https:\/\/josemaritaberna.com\/fr\/wp-json\/wp\/v2\/pages\/2931","targetHints":{"allow":["GET"]}}],"collection":[{"href":"https:\/\/josemaritaberna.com\/fr\/wp-json\/wp\/v2\/pages"}],"about":[{"href":"https:\/\/josemaritaberna.com\/fr\/wp-json\/wp\/v2\/types\/page"}],"author":[{"embeddable":true,"href":"https:\/\/josemaritaberna.com\/fr\/wp-json\/wp\/v2\/users\/2"}],"replies":[{"embeddable":true,"href":"https:\/\/josemaritaberna.com\/fr\/wp-json\/wp\/v2\/comments?post=2931"}],"version-history":[{"count":3,"href":"https:\/\/josemaritaberna.com\/fr\/wp-json\/wp\/v2\/pages\/2931\/revisions"}],"predecessor-version":[{"id":3040,"href":"https:\/\/josemaritaberna.com\/fr\/wp-json\/wp\/v2\/pages\/2931\/revisions\/3040"}],"wp:attachment":[{"href":"https:\/\/josemaritaberna.com\/fr\/wp-json\/wp\/v2\/media?parent=2931"}],"curies":[{"name":"wp","href":"https:\/\/api.w.org\/{rel}","templated":true}]}}